{"id":1671,"date":"2014-06-27T16:47:17","date_gmt":"2014-06-27T14:47:17","guid":{"rendered":"http:\/\/www.berlin-tour-and-guide.de\/potsdam-i-o-2\/"},"modified":"2020-10-07T13:37:19","modified_gmt":"2020-10-07T11:37:19","slug":"potsdam-i-o","status":"publish","type":"page","link":"https:\/\/www.berlin-tour-and-guide.de\/en\/potsdam-i-o\/","title":{"rendered":"Potsdam I-O"},"content":{"rendered":"<h1>SEHENSW\u00dcRDIGKEITEN POTSDAM GLOSSAR I-O<\/h1>\n<h2>Die vorgestellten Highlights der Stadt k\u00f6nnen w\u00e4hrend unserer privaten Potsdam Stadtrundfahrten angefahren werden.<br \/>\nEinen Anspruch auf Vollst\u00e4ndigkeit erheben wir nicht.<br \/>\nViel Spa\u00df!<\/h2>\n<aside id=\"nav_menu-4\" class=\"widget widget_nav_menu amr_widget\"><div class=\"menu-potsdam-glossary-container\"><ul id=\"menu-potsdam-glossary\" class=\"menu\"><li id=\"menu-item-1669\" class=\"menu-item menu-item-type-post_type menu-item-object-page menu-item-1669\"><a href=\"https:\/\/www.berlin-tour-and-guide.de\/en\/potsdam-a-h\/\">Potsdam A-H<\/a><\/li>\n<li id=\"menu-item-1679\" class=\"menu-item menu-item-type-post_type menu-item-object-page menu-item-1679\"><a href=\"https:\/\/www.berlin-tour-and-guide.de\/en\/potsdam-i-o\/\">I-O<\/a><\/li>\n<li id=\"menu-item-1678\" class=\"menu-item menu-item-type-post_type menu-item-object-page menu-item-1678\"><a href=\"https:\/\/www.berlin-tour-and-guide.de\/en\/potsdam-p-z\/\">P-Z<\/a><\/li>\n<\/ul><\/div><\/aside>\n\n","protected":false},"excerpt":{"rendered":"<p>SEHENSW\u00dcRDIGKEITEN POTSDAM GLOSSAR I-O Die vorgestellten Highlights der Stadt k\u00f6nnen w\u00e4hrend unserer privaten Potsdam Stadtrundfahrten angefahren werden. Einen Anspruch auf Vollst\u00e4ndigkeit erheben wir nicht. Viel [&hellip;]&nbsp;<a href=\"https:\/\/www.berlin-tour-and-guide.de\/en\/potsdam-i-o\/\">Read more&#8230;<\/a><\/p>\n","protected":false},"author":1,"featured_media":0,"parent":0,"menu_order":0,"comment_status":"closed","ping_status":"closed","template":"header-page.php","meta":{"footnotes":"","_links_to":"","_links_to_target":""},"class_list":["post-1671","page","type-page","status-publish","hentry"],"aioseo_notices":[],"_links":{"self":[{"href":"https:\/\/www.berlin-tour-and-guide.de\/en\/wp-json\/wp\/v2\/pages\/1671","targetHints":{"allow":["GET"]}}],"collection":[{"href":"https:\/\/www.berlin-tour-and-guide.de\/en\/wp-json\/wp\/v2\/pages"}],"about":[{"href":"https:\/\/www.berlin-tour-and-guide.de\/en\/wp-json\/wp\/v2\/types\/page"}],"author":[{"embeddable":true,"href":"https:\/\/www.berlin-tour-and-guide.de\/en\/wp-json\/wp\/v2\/users\/1"}],"replies":[{"embeddable":true,"href":"https:\/\/www.berlin-tour-and-guide.de\/en\/wp-json\/wp\/v2\/comments?post=1671"}],"version-history":[{"count":8,"href":"https:\/\/www.berlin-tour-and-guide.de\/en\/wp-json\/wp\/v2\/pages\/1671\/revisions"}],"predecessor-version":[{"id":8751,"href":"https:\/\/www.berlin-tour-and-guide.de\/en\/wp-json\/wp\/v2\/pages\/1671\/revisions\/8751"}],"wp:attachment":[{"href":"https:\/\/www.berlin-tour-and-guide.de\/en\/wp-json\/wp\/v2\/media?parent=1671"}],"curies":[{"name":"wp","href":"https:\/\/api.w.org\/{rel}","templated":true}]}}